{"id":79,"date":"2025-05-20T19:12:44","date_gmt":"2025-05-20T17:12:44","guid":{"rendered":"https:\/\/sowndieme.com\/?page_id=79"},"modified":"2026-01-09T15:46:19","modified_gmt":"2026-01-09T14:46:19","slug":"publication","status":"publish","type":"page","link":"https:\/\/sowndieme.com\/index.php\/publication\/","title":{"rendered":"Publications"},"content":{"rendered":"\t\t<div data-elementor-type=\"wp-page\" data-elementor-id=\"79\" class=\"elementor elementor-79\">\n\t\t\t\t<div class=\"elementor-element elementor-element-0c9d106 e-flex e-con-boxed e-con e-parent\" data-id=\"0c9d106\" data-element_type=\"container\" data-e-type=\"container\" data-settings=\"{&quot;background_background&quot;:&quot;classic&quot;}\">\n\t\t\t\t\t<div class=\"e-con-inner\">\n\t\t\t\t<div class=\"elementor-element elementor-element-b9b8d1b elementor-widget elementor-widget-heading\" data-id=\"b9b8d1b\" data-element_type=\"widget\" data-e-type=\"widget\" data-widget_type=\"heading.default\">\n\t\t\t\t<div class=\"elementor-widget-container\">\n\t\t\t\t\t<h3 class=\"elementor-heading-title elementor-size-default\">Cette page regroupe les publications scientifiques r\u00e9centes de Ndi\u00e9m\u00e9 Sow class\u00e9es par th\u00e9matique de recherche.<\/h3>\t\t\t\t<\/div>\n\t\t\t\t<\/div>\n\t\t\t\t\t<\/div>\n\t\t\t\t<\/div>\n\t\t<div class=\"elementor-element elementor-element-2a8bf36 e-flex e-con-boxed e-con e-parent\" data-id=\"2a8bf36\" data-element_type=\"container\" data-e-type=\"container\" data-settings=\"{&quot;background_background&quot;:&quot;classic&quot;}\">\n\t\t\t\t\t<div class=\"e-con-inner\">\n\t\t\t\t<div class=\"elementor-element elementor-element-e834abe elementor-widget elementor-widget-heading\" data-id=\"e834abe\" data-element_type=\"widget\" data-e-type=\"widget\" data-widget_type=\"heading.default\">\n\t\t\t\t<div class=\"elementor-widget-container\">\n\t\t\t\t\t<h2 class=\"elementor-heading-title elementor-size-default\">SOCIOLINGUISTIQUE URBAINE<\/h2>\t\t\t\t<\/div>\n\t\t\t\t<\/div>\n\t\t\t\t\t<\/div>\n\t\t\t\t<\/div>\n\t\t<div class=\"elementor-element elementor-element-2bb829d e-flex e-con-boxed e-con e-parent\" data-id=\"2bb829d\" data-element_type=\"container\" data-e-type=\"container\" data-settings=\"{&quot;background_background&quot;:&quot;classic&quot;}\">\n\t\t\t\t\t<div class=\"e-con-inner\">\n\t\t<div class=\"elementor-element elementor-element-70a1796 e-con-full e-flex e-con e-child\" data-id=\"70a1796\" data-element_type=\"container\" data-e-type=\"container\">\n\t\t\t\t<div class=\"elementor-element elementor-element-2c21112 elementor-widget elementor-widget-text-editor\" data-id=\"2c21112\" data-element_type=\"widget\" data-e-type=\"widget\" data-widget_type=\"text-editor.default\">\n\t\t\t\t<div class=\"elementor-widget-container\">\n\t\t\t\t\t\t\t\t\t<p><strong>Sow N.\u00a0(2025)<\/strong>.\u00a0\u00ab\u00a0Parlers urbains, territorialit\u00e9 et ethnicit\u00e9 : afrik\u2019attitude et social languaging\u00a0\u00bb, Dama Ninao-Revue interdisciplinaire en Lettres, Arts et Sciences humaines, N\u00b017, ISSN 2617-4766, p. 611-632.\u00a0<\/p>\t\t\t\t\t\t\t\t<\/div>\n\t\t\t\t<\/div>\n\t\t\t\t<\/div>\n\t\t<div class=\"elementor-element elementor-element-8b05282 e-con-full e-flex e-con e-child\" data-id=\"8b05282\" data-element_type=\"container\" data-e-type=\"container\">\n\t\t\t\t<div class=\"elementor-element elementor-element-5660df0 elementor-widget elementor-widget-text-editor\" data-id=\"5660df0\" data-element_type=\"widget\" data-e-type=\"widget\" data-widget_type=\"text-editor.default\">\n\t\t\t\t<div class=\"elementor-widget-container\">\n\t\t\t\t\t\t\t\t\t<p><strong>Sow N. (2018)<\/strong>. <em data-start=\"1295\" data-end=\"1353\">Parlers jeunes, entre art du langage et activisme social<\/em>. Revue ANADISS N\u00b025, p. 89\u2013108.<\/p>\t\t\t\t\t\t\t\t<\/div>\n\t\t\t\t<\/div>\n\t\t\t\t<\/div>\n\t\t<div class=\"elementor-element elementor-element-96ee119 e-con-full e-flex e-con e-child\" data-id=\"96ee119\" data-element_type=\"container\" data-e-type=\"container\">\n\t\t\t\t<div class=\"elementor-element elementor-element-63df38e elementor-widget elementor-widget-text-editor\" data-id=\"63df38e\" data-element_type=\"widget\" data-e-type=\"widget\" data-widget_type=\"text-editor.default\">\n\t\t\t\t<div class=\"elementor-widget-container\">\n\t\t\t\t\t\t\t\t\t<p><strong>Sow N. (2017).<\/strong> <em data-start=\"1405\" data-end=\"1463\">Le rap s\u00e9n\u00e9galais entre arts du langage et activisme social<\/em>. Revue GRADIS N\u00b02, p. 45\u201364.<\/p>\t\t\t\t\t\t\t\t<\/div>\n\t\t\t\t<\/div>\n\t\t\t\t<\/div>\n\t\t<div class=\"elementor-element elementor-element-e3d8900 e-con-full e-flex e-con e-child\" data-id=\"e3d8900\" data-element_type=\"container\" data-e-type=\"container\">\n\t\t\t\t<div class=\"elementor-element elementor-element-e294a53 elementor-widget elementor-widget-text-editor\" data-id=\"e294a53\" data-element_type=\"widget\" data-e-type=\"widget\" data-widget_type=\"text-editor.default\">\n\t\t\t\t<div class=\"elementor-widget-container\">\n\t\t\t\t\t\t\t\t\t<p><strong>Sow N. (2017)<\/strong>. <em data-start=\"1512\" data-end=\"1567\">La lutte s\u00e9n\u00e9galaise : discours et mod\u00e8les langagiers<\/em>. In Pratiques plurilingues, Archives contemporaines, p. 101\u2013116. ISBN : 978-2-81300-264-8<\/p>\t\t\t\t\t\t\t\t<\/div>\n\t\t\t\t<\/div>\n\t\t\t\t<\/div>\n\t\t<div class=\"elementor-element elementor-element-24bfc2a e-con-full e-flex e-con e-child\" data-id=\"24bfc2a\" data-element_type=\"container\" data-e-type=\"container\">\n\t\t\t\t<div class=\"elementor-element elementor-element-ecadbf6 elementor-widget elementor-widget-text-editor\" data-id=\"ecadbf6\" data-element_type=\"widget\" data-e-type=\"widget\" data-widget_type=\"text-editor.default\">\n\t\t\t\t<div class=\"elementor-widget-container\">\n\t\t\t\t\t\t\t\t\t<p data-start=\"1662\" data-end=\"1792\"><strong>Sow N. (2015)<\/strong>. <em data-start=\"1677\" data-end=\"1757\">Langues en contact et processus de construction identitaire en contexte urbain<\/em>. Revue ANADISS N\u00b019, p. 139\u2013154.<\/p>\t\t\t\t\t\t\t\t<\/div>\n\t\t\t\t<\/div>\n\t\t\t\t<\/div>\n\t\t<div class=\"elementor-element elementor-element-072aff8 e-con-full e-flex e-con e-child\" data-id=\"072aff8\" data-element_type=\"container\" data-e-type=\"container\">\n\t\t\t\t<div class=\"elementor-element elementor-element-14686dd elementor-widget elementor-widget-text-editor\" data-id=\"14686dd\" data-element_type=\"widget\" data-e-type=\"widget\" data-widget_type=\"text-editor.default\">\n\t\t\t\t<div class=\"elementor-widget-container\">\n\t\t\t\t\t\t\t\t\t<p data-start=\"1795\" data-end=\"1937\"><strong>Sow N. (2017)<\/strong>.\u00a0<\/p><div><div><span lang=\"FR\">\u00ab\u00a0Le rap s\u00e9n\u00e9galais entre r\u00e9cr\u00e9ation et re-cr\u00e9ation d\u2019une identit\u00e9 linguistique\u00a0\u00bb. In <i>Revue du GRADIS<\/i>, UGB de Saint-Louis (S\u00e9n\u00e9gal), N\u00b02, p.2-16.<\/span><\/div><\/div>\t\t\t\t\t\t\t\t<\/div>\n\t\t\t\t<\/div>\n\t\t\t\t<\/div>\n\t\t\t\t\t<\/div>\n\t\t\t\t<\/div>\n\t\t<div class=\"elementor-element elementor-element-9a3be8d e-flex e-con-boxed e-con e-parent\" data-id=\"9a3be8d\" data-element_type=\"container\" data-e-type=\"container\" data-settings=\"{&quot;background_background&quot;:&quot;classic&quot;}\">\n\t\t\t\t\t<div class=\"e-con-inner\">\n\t\t\t\t<div class=\"elementor-element elementor-element-77547ff elementor-widget elementor-widget-heading\" data-id=\"77547ff\" data-element_type=\"widget\" data-e-type=\"widget\" data-widget_type=\"heading.default\">\n\t\t\t\t<div class=\"elementor-widget-container\">\n\t\t\t\t\t<h2 class=\"elementor-heading-title elementor-size-default\">ENSEIGNEMENT BI-PLURILINGUE ET TERMINOLOGIE\n<\/h2>\t\t\t\t<\/div>\n\t\t\t\t<\/div>\n\t\t\t\t\t<\/div>\n\t\t\t\t<\/div>\n\t\t<div class=\"elementor-element elementor-element-ed97b17 e-flex e-con-boxed e-con e-parent\" data-id=\"ed97b17\" data-element_type=\"container\" data-e-type=\"container\" data-settings=\"{&quot;background_background&quot;:&quot;classic&quot;}\">\n\t\t\t\t\t<div class=\"e-con-inner\">\n\t\t<div class=\"elementor-element elementor-element-a9cdacc e-con-full e-flex e-con e-child\" data-id=\"a9cdacc\" data-element_type=\"container\" data-e-type=\"container\">\n\t\t\t\t<div class=\"elementor-element elementor-element-9278b3a elementor-widget elementor-widget-text-editor\" data-id=\"9278b3a\" data-element_type=\"widget\" data-e-type=\"widget\" data-widget_type=\"text-editor.default\">\n\t\t\t\t<div class=\"elementor-widget-container\">\n\t\t\t\t\t\t\t\t\t<p data-start=\"2302\" data-end=\"2482\"><strong>Sow N. (2023)<\/strong>. <em data-start=\"3159\" data-end=\"3222\">Langue et pouvoir dans la communication politique s\u00e9n\u00e9galaise<\/em>. Revue de l\u2019ANADISS N\u00b033, p. 29\u201342.<\/p>\t\t\t\t\t\t\t\t<\/div>\n\t\t\t\t<\/div>\n\t\t\t\t<\/div>\n\t\t<div class=\"elementor-element elementor-element-7e42688 e-con-full e-flex e-con e-child\" data-id=\"7e42688\" data-element_type=\"container\" data-e-type=\"container\">\n\t\t\t\t<div class=\"elementor-element elementor-element-5a35cf6 elementor-widget elementor-widget-text-editor\" data-id=\"5a35cf6\" data-element_type=\"widget\" data-e-type=\"widget\" data-widget_type=\"text-editor.default\">\n\t\t\t\t<div class=\"elementor-widget-container\">\n\t\t\t\t\t\t\t\t\t<p class=\"p1\"><b>Frath P. &amp; Sow N. (2022)<\/b>. <i>La question de la terminologie dans l\u2019enseignement des langues africaines<\/i>. In J.-P. Zouogbo (dir.), \u00c9ditions des Archives contemporaines. ISBN : 978-2-813004-34-5<\/p>\t\t\t\t\t\t\t\t<\/div>\n\t\t\t\t<\/div>\n\t\t\t\t<\/div>\n\t\t<div class=\"elementor-element elementor-element-49f436d e-con-full e-flex e-con e-child\" data-id=\"49f436d\" data-element_type=\"container\" data-e-type=\"container\">\n\t\t\t\t<div class=\"elementor-element elementor-element-434b86a elementor-widget elementor-widget-text-editor\" data-id=\"434b86a\" data-element_type=\"widget\" data-e-type=\"widget\" data-widget_type=\"text-editor.default\">\n\t\t\t\t<div class=\"elementor-widget-container\">\n\t\t\t\t\t\t\t\t\t<p data-start=\"2650\" data-end=\"2797\"><strong>Frath P. &amp; Sow N. (2022)<\/strong>. <em data-start=\"2826\" data-end=\"2901\">La question de la terminologie dans l\u2019enseignement des langues africaines<\/em>. In J.-P. Zouogbo (dir.), \u00c9ditions des Archives contemporaines. ISBN : 978-2-813004-34-5<\/p>\t\t\t\t\t\t\t\t<\/div>\n\t\t\t\t<\/div>\n\t\t\t\t<\/div>\n\t\t<div class=\"elementor-element elementor-element-4d513f5 e-con-full e-flex e-con e-child\" data-id=\"4d513f5\" data-element_type=\"container\" data-e-type=\"container\">\n\t\t\t\t<div class=\"elementor-element elementor-element-4f5c70e elementor-widget elementor-widget-text-editor\" data-id=\"4f5c70e\" data-element_type=\"widget\" data-e-type=\"widget\" data-widget_type=\"text-editor.default\">\n\t\t\t\t<div class=\"elementor-widget-container\">\n\t\t\t\t\t\t\t\t\t<p class=\"p1\"><b>Sow N. (2021)<\/b>. <i>Appareils linguistiques pour l\u2019enseignement bi-plurilingue : de la diversit\u00e9 \u00e0 l\u2019\u00e9galit\u00e9<\/i>. Actes du colloque international de Suceava (Roumanie)<\/p>\t\t\t\t\t\t\t\t<\/div>\n\t\t\t\t<\/div>\n\t\t\t\t<\/div>\n\t\t<div class=\"elementor-element elementor-element-7b2dd0f e-con-full e-flex e-con e-child\" data-id=\"7b2dd0f\" data-element_type=\"container\" data-e-type=\"container\">\n\t\t\t\t<div class=\"elementor-element elementor-element-5b7b72d elementor-widget elementor-widget-text-editor\" data-id=\"5b7b72d\" data-element_type=\"widget\" data-e-type=\"widget\" data-widget_type=\"text-editor.default\">\n\t\t\t\t<div class=\"elementor-widget-container\">\n\t\t\t\t\t\t\t\t\t<p class=\"p1\"><b>Sow N. (2021)<\/b>. <i>Appareils linguistiques pour l\u2019enseignement bi-plurilingue : de la diversit\u00e9 \u00e0 l\u2019\u00e9galit\u00e9<\/i>. Actes du colloque international de Suceava (Roumanie)<\/p>\t\t\t\t\t\t\t\t<\/div>\n\t\t\t\t<\/div>\n\t\t\t\t<\/div>\n\t\t<div class=\"elementor-element elementor-element-62c30e8 e-con-full e-flex e-con e-child\" data-id=\"62c30e8\" data-element_type=\"container\" data-e-type=\"container\">\n\t\t\t\t<div class=\"elementor-element elementor-element-5788d2d elementor-widget elementor-widget-text-editor\" data-id=\"5788d2d\" data-element_type=\"widget\" data-e-type=\"widget\" data-widget_type=\"text-editor.default\">\n\t\t\t\t<div class=\"elementor-widget-container\">\n\t\t\t\t\t\t\t\t\t<p class=\"p1\"><b>Sow N. (2019)<\/b>. <i>Enseignement monolingue et apprenants plurilingues \u00e0 Ziguinchor<\/i>. Actes du 9\u00e8me congr\u00e8s APF-FU, Ath\u00e8nes. ISBN : 978-960-89216-4-1<\/p>\t\t\t\t\t\t\t\t<\/div>\n\t\t\t\t<\/div>\n\t\t\t\t<\/div>\n\t\t\t\t\t<\/div>\n\t\t\t\t<\/div>\n\t\t<div class=\"elementor-element elementor-element-20e5271 e-flex e-con-boxed e-con e-parent\" data-id=\"20e5271\" data-element_type=\"container\" data-e-type=\"container\" data-settings=\"{&quot;background_background&quot;:&quot;classic&quot;}\">\n\t\t\t\t\t<div class=\"e-con-inner\">\n\t\t\t\t<div class=\"elementor-element elementor-element-48b8b00 elementor-widget elementor-widget-heading\" data-id=\"48b8b00\" data-element_type=\"widget\" data-e-type=\"widget\" data-widget_type=\"heading.default\">\n\t\t\t\t<div class=\"elementor-widget-container\">\n\t\t\t\t\t<h2 class=\"elementor-heading-title elementor-size-default\">SANT\u00c9 MENTALE &amp; MOBILIT\u00c9S LINGUISTIQUES<\/h2>\t\t\t\t<\/div>\n\t\t\t\t<\/div>\n\t\t\t\t\t<\/div>\n\t\t\t\t<\/div>\n\t\t<div class=\"elementor-element elementor-element-0a994c0 e-flex e-con-boxed e-con e-parent\" data-id=\"0a994c0\" data-element_type=\"container\" data-e-type=\"container\" data-settings=\"{&quot;background_background&quot;:&quot;classic&quot;}\">\n\t\t\t\t\t<div class=\"e-con-inner\">\n\t\t<div class=\"elementor-element elementor-element-98981f4 e-con-full e-flex e-con e-child\" data-id=\"98981f4\" data-element_type=\"container\" data-e-type=\"container\">\n\t\t\t\t<div class=\"elementor-element elementor-element-161ef27 elementor-widget elementor-widget-text-editor\" data-id=\"161ef27\" data-element_type=\"widget\" data-e-type=\"widget\" data-widget_type=\"text-editor.default\">\n\t\t\t\t<div class=\"elementor-widget-container\">\n\t\t\t\t\t\t\t\t\t<p data-start=\"3980\" data-end=\"4172\"><strong>Sow N. et al. (2024)<\/strong>. <em data-start=\"4002\" data-end=\"4106\">Policy Recommendations for Enhancing Capabilities of Senegalese Youth Navigating Immobility Challenges<\/em>. Afrika Focus Vol. 37 (2), Brill. DOI : 10.1163\/2031356x-20240212<\/p>\t\t\t\t\t\t\t\t<\/div>\n\t\t\t\t<\/div>\n\t\t\t\t<div class=\"elementor-element elementor-element-a0314c9 elementor-widget elementor-widget-text-editor\" data-id=\"a0314c9\" data-element_type=\"widget\" data-e-type=\"widget\" data-widget_type=\"text-editor.default\">\n\t\t\t\t<div class=\"elementor-widget-container\">\n\t\t\t\t\t\t\t\t\t<p data-start=\"3812\" data-end=\"3977\"><strong>Sow N. (2020)<\/strong>. <em data-start=\"3827\" data-end=\"3892\">Spaces and interactions in multilingual repertoire construction<\/em>. In African Multilingualism, Lexington Books, p. 137\u2013154. ISBN : 978-1-4985-8895-9<\/p><p data-start=\"3980\" data-end=\"4172\">\u00a0<\/p>\t\t\t\t\t\t\t\t<\/div>\n\t\t\t\t<\/div>\n\t\t\t\t<\/div>\n\t\t<div class=\"elementor-element elementor-element-77fa043 e-con-full e-flex e-con e-child\" data-id=\"77fa043\" data-element_type=\"container\" data-e-type=\"container\">\n\t\t\t\t<div class=\"elementor-element elementor-element-f1df20c elementor-widget elementor-widget-text-editor\" data-id=\"f1df20c\" data-element_type=\"widget\" data-e-type=\"widget\" data-widget_type=\"text-editor.default\">\n\t\t\t\t<div class=\"elementor-widget-container\">\n\t\t\t\t\t\t\t\t\t<p data-start=\"2302\" data-end=\"2482\"><strong>Sow N. (2022)<\/strong>. <em data-start=\"3462\" data-end=\"3520\">Langues\/paroles migrantes aux fronti\u00e8res de la Casamance<\/em>. In M.L. Manga (dir), \u00c9ditions Hermann\/Kala, p. 251\u2013273. ISBN : 979-10-370-1973-8<\/p>\t\t\t\t\t\t\t\t<\/div>\n\t\t\t\t<\/div>\n\t\t\t\t<\/div>\n\t\t<div class=\"elementor-element elementor-element-a70db33 e-con-full e-flex e-con e-child\" data-id=\"a70db33\" data-element_type=\"container\" data-e-type=\"container\">\n\t\t\t\t<div class=\"elementor-element elementor-element-48f26f9 elementor-widget elementor-widget-text-editor\" data-id=\"48f26f9\" data-element_type=\"widget\" data-e-type=\"widget\" data-widget_type=\"text-editor.default\">\n\t\t\t\t<div class=\"elementor-widget-container\">\n\t\t\t\t\t\t\t\t\t<p data-start=\"2485\" data-end=\"2647\"><strong>Sow N. (2021)<\/strong>. <em data-start=\"3622\" data-end=\"3685\">Dynamiques migratoires et mixit\u00e9 sociolangagi\u00e8re en Casamance<\/em>. In J. Mimoso-Ruiz &amp; D. Oussikoum (dir), Presses de l\u2019Institut Catholique de Toulouse, p. 59\u201383. ISBN : 979-10-94360-12-5<\/p>\t\t\t\t\t\t\t\t<\/div>\n\t\t\t\t<\/div>\n\t\t\t\t<\/div>\n\t\t<div class=\"elementor-element elementor-element-8fcf331 e-con-full e-flex e-con e-child\" data-id=\"8fcf331\" data-element_type=\"container\" data-e-type=\"container\">\n\t\t\t\t<\/div>\n\t\t<div class=\"elementor-element elementor-element-011be53 e-con-full e-flex e-con e-child\" data-id=\"011be53\" data-element_type=\"container\" data-e-type=\"container\">\n\t\t\t\t<\/div>\n\t\t<div class=\"elementor-element elementor-element-9f74e1c e-con-full e-flex e-con e-child\" data-id=\"9f74e1c\" data-element_type=\"container\" data-e-type=\"container\">\n\t\t\t\t<\/div>\n\t\t\t\t\t<\/div>\n\t\t\t\t<\/div>\n\t\t\t\t<\/div>\n\t\t","protected":false},"excerpt":{"rendered":"<p>Cette page regroupe les publications scientifiques r\u00e9centes de Ndi\u00e9m\u00e9 Sow class\u00e9es par th\u00e9matique de recherche. SOCIOLINGUISTIQUE URBAINE Sow N.\u00a0(2025).\u00a0\u00ab\u00a0Parlers urbains, [&hellip;]<\/p>\n","protected":false},"author":1,"featured_media":0,"parent":0,"menu_order":0,"comment_status":"closed","ping_status":"closed","template":"","meta":{"om_disable_all_campaigns":false,"_monsterinsights_skip_tracking":false,"_monsterinsights_sitenote_active":false,"_monsterinsights_sitenote_note":"","_monsterinsights_sitenote_category":0,"site-sidebar-layout":"no-sidebar","site-content-layout":"","ast-site-content-layout":"full-width-container","site-content-style":"default","site-sidebar-style":"default","ast-global-header-display":"","ast-banner-title-visibility":"","ast-main-header-display":"","ast-hfb-above-header-display":"","ast-hfb-below-header-display":"","ast-hfb-mobile-header-display":"","site-post-title":"disabled","ast-breadcrumbs-content":"","ast-featured-img":"disabled","footer-sml-layout":"","ast-disable-related-posts":"","theme-transparent-header-meta":"","adv-header-id-meta":"","stick-header-meta":"","header-above-stick-meta":"","header-main-stick-meta":"","header-below-stick-meta":"","astra-migrate-meta-layouts":"default","ast-page-background-enabled":"default","ast-page-background-meta":{"desktop":{"background-color":"var(--ast-global-color-5)","background-image":"","background-repeat":"repeat","background-position":"center center","background-size":"auto","background-attachment":"scroll","background-type":"","background-media":"","overlay-type":"","overlay-color":"","overlay-opacity":"","overlay-gradient":""},"tablet":{"background-color":"","background-image":"","background-repeat":"repeat","background-position":"center center","background-size":"auto","background-attachment":"scroll","background-type":"","background-media":"","overlay-type":"","overlay-color":"","overlay-opacity":"","overlay-gradient":""},"mobile":{"background-color":"","background-image":"","background-repeat":"repeat","background-position":"center center","background-size":"auto","background-attachment":"scroll","background-type":"","background-media":"","overlay-type":"","overlay-color":"","overlay-opacity":"","overlay-gradient":""}},"ast-content-background-meta":{"desktop":{"background-color":"var(--ast-global-color-4)","background-image":"","background-repeat":"repeat","background-position":"center center","background-size":"auto","background-attachment":"scroll","background-type":"","background-media":"","overlay-type":"","overlay-color":"","overlay-opacity":"","overlay-gradient":""},"tablet":{"background-color":"var(--ast-global-color-4)","background-image":"","background-repeat":"repeat","background-position":"center center","background-size":"auto","background-attachment":"scroll","background-type":"","background-media":"","overlay-type":"","overlay-color":"","overlay-opacity":"","overlay-gradient":""},"mobile":{"background-color":"var(--ast-global-color-4)","background-image":"","background-repeat":"repeat","background-position":"center center","background-size":"auto","background-attachment":"scroll","background-type":"","background-media":"","overlay-type":"","overlay-color":"","overlay-opacity":"","overlay-gradient":""}},"footnotes":""},"class_list":["post-79","page","type-page","status-publish","hentry"],"aioseo_notices":[],"yoast_head":"<!-- This site is optimized with the Yoast SEO plugin v27.1.1 - https:\/\/yoast.com\/product\/yoast-seo-wordpress\/ -->\n<title>Publications -<\/title>\n<meta name=\"robots\" content=\"index, follow, max-snippet:-1, max-image-preview:large, max-video-preview:-1\" \/>\n<link rel=\"canonical\" href=\"https:\/\/sowndieme.com\/index.php\/publication\/\" \/>\n<meta property=\"og:locale\" content=\"fr_FR\" \/>\n<meta property=\"og:type\" content=\"article\" \/>\n<meta property=\"og:title\" content=\"Publications -\" \/>\n<meta property=\"og:description\" content=\"Cette page regroupe les publications scientifiques r\u00e9centes de Ndi\u00e9m\u00e9 Sow class\u00e9es par th\u00e9matique de recherche. SOCIOLINGUISTIQUE URBAINE Sow N.\u00a0(2025).\u00a0\u00ab\u00a0Parlers urbains, [&hellip;]\" \/>\n<meta property=\"og:url\" content=\"https:\/\/sowndieme.com\/index.php\/publication\/\" \/>\n<meta property=\"article:modified_time\" content=\"2026-01-09T14:46:19+00:00\" \/>\n<meta name=\"twitter:card\" content=\"summary_large_image\" \/>\n<meta name=\"twitter:label1\" content=\"Dur\u00e9e de lecture estim\u00e9e\" \/>\n\t<meta name=\"twitter:data1\" content=\"2 minutes\" \/>\n<script type=\"application\/ld+json\" class=\"yoast-schema-graph\">{\"@context\":\"https:\/\/schema.org\",\"@graph\":[{\"@type\":\"WebPage\",\"@id\":\"https:\/\/sowndieme.com\/index.php\/publication\/\",\"url\":\"https:\/\/sowndieme.com\/index.php\/publication\/\",\"name\":\"Publications -\",\"isPartOf\":{\"@id\":\"https:\/\/sowndieme.com\/#website\"},\"datePublished\":\"2025-05-20T17:12:44+00:00\",\"dateModified\":\"2026-01-09T14:46:19+00:00\",\"breadcrumb\":{\"@id\":\"https:\/\/sowndieme.com\/index.php\/publication\/#breadcrumb\"},\"inLanguage\":\"fr-FR\",\"potentialAction\":[{\"@type\":\"ReadAction\",\"target\":[\"https:\/\/sowndieme.com\/index.php\/publication\/\"]}]},{\"@type\":\"BreadcrumbList\",\"@id\":\"https:\/\/sowndieme.com\/index.php\/publication\/#breadcrumb\",\"itemListElement\":[{\"@type\":\"ListItem\",\"position\":1,\"name\":\"Accueil\",\"item\":\"https:\/\/sowndieme.com\/\"},{\"@type\":\"ListItem\",\"position\":2,\"name\":\"Publications\"}]},{\"@type\":\"WebSite\",\"@id\":\"https:\/\/sowndieme.com\/#website\",\"url\":\"https:\/\/sowndieme.com\/\",\"name\":\"sowndi\u00e9m\u00e9\",\"description\":\"\",\"potentialAction\":[{\"@type\":\"SearchAction\",\"target\":{\"@type\":\"EntryPoint\",\"urlTemplate\":\"https:\/\/sowndieme.com\/?s={search_term_string}\"},\"query-input\":{\"@type\":\"PropertyValueSpecification\",\"valueRequired\":true,\"valueName\":\"search_term_string\"}}],\"inLanguage\":\"fr-FR\"}]}<\/script>\n<!-- \/ Yoast SEO plugin. -->","yoast_head_json":{"title":"Publications -","robots":{"index":"index","follow":"follow","max-snippet":"max-snippet:-1","max-image-preview":"max-image-preview:large","max-video-preview":"max-video-preview:-1"},"canonical":"https:\/\/sowndieme.com\/index.php\/publication\/","og_locale":"fr_FR","og_type":"article","og_title":"Publications -","og_description":"Cette page regroupe les publications scientifiques r\u00e9centes de Ndi\u00e9m\u00e9 Sow class\u00e9es par th\u00e9matique de recherche. SOCIOLINGUISTIQUE URBAINE Sow N.\u00a0(2025).\u00a0\u00ab\u00a0Parlers urbains, [&hellip;]","og_url":"https:\/\/sowndieme.com\/index.php\/publication\/","article_modified_time":"2026-01-09T14:46:19+00:00","twitter_card":"summary_large_image","twitter_misc":{"Dur\u00e9e de lecture estim\u00e9e":"2 minutes"},"schema":{"@context":"https:\/\/schema.org","@graph":[{"@type":"WebPage","@id":"https:\/\/sowndieme.com\/index.php\/publication\/","url":"https:\/\/sowndieme.com\/index.php\/publication\/","name":"Publications -","isPartOf":{"@id":"https:\/\/sowndieme.com\/#website"},"datePublished":"2025-05-20T17:12:44+00:00","dateModified":"2026-01-09T14:46:19+00:00","breadcrumb":{"@id":"https:\/\/sowndieme.com\/index.php\/publication\/#breadcrumb"},"inLanguage":"fr-FR","potentialAction":[{"@type":"ReadAction","target":["https:\/\/sowndieme.com\/index.php\/publication\/"]}]},{"@type":"BreadcrumbList","@id":"https:\/\/sowndieme.com\/index.php\/publication\/#breadcrumb","itemListElement":[{"@type":"ListItem","position":1,"name":"Accueil","item":"https:\/\/sowndieme.com\/"},{"@type":"ListItem","position":2,"name":"Publications"}]},{"@type":"WebSite","@id":"https:\/\/sowndieme.com\/#website","url":"https:\/\/sowndieme.com\/","name":"sowndi\u00e9m\u00e9","description":"","potentialAction":[{"@type":"SearchAction","target":{"@type":"EntryPoint","urlTemplate":"https:\/\/sowndieme.com\/?s={search_term_string}"},"query-input":{"@type":"PropertyValueSpecification","valueRequired":true,"valueName":"search_term_string"}}],"inLanguage":"fr-FR"}]}},"_links":{"self":[{"href":"https:\/\/sowndieme.com\/index.php\/wp-json\/wp\/v2\/pages\/79","targetHints":{"allow":["GET"]}}],"collection":[{"href":"https:\/\/sowndieme.com\/index.php\/wp-json\/wp\/v2\/pages"}],"about":[{"href":"https:\/\/sowndieme.com\/index.php\/wp-json\/wp\/v2\/types\/page"}],"author":[{"embeddable":true,"href":"https:\/\/sowndieme.com\/index.php\/wp-json\/wp\/v2\/users\/1"}],"replies":[{"embeddable":true,"href":"https:\/\/sowndieme.com\/index.php\/wp-json\/wp\/v2\/comments?post=79"}],"version-history":[{"count":33,"href":"https:\/\/sowndieme.com\/index.php\/wp-json\/wp\/v2\/pages\/79\/revisions"}],"predecessor-version":[{"id":475,"href":"https:\/\/sowndieme.com\/index.php\/wp-json\/wp\/v2\/pages\/79\/revisions\/475"}],"wp:attachment":[{"href":"https:\/\/sowndieme.com\/index.php\/wp-json\/wp\/v2\/media?parent=79"}],"curies":[{"name":"wp","href":"https:\/\/api.w.org\/{rel}","templated":true}]}}