{"id":83,"date":"2025-05-20T19:13:46","date_gmt":"2025-05-20T17:13:46","guid":{"rendered":"https:\/\/sowndieme.com\/?page_id=83"},"modified":"2025-08-02T19:05:41","modified_gmt":"2025-08-02T17:05:41","slug":"vie-institutionnel","status":"publish","type":"page","link":"https:\/\/sowndieme.com\/index.php\/vie-institutionnel\/","title":{"rendered":"Vie institutionnelle"},"content":{"rendered":"\t\t<div data-elementor-type=\"wp-page\" data-elementor-id=\"83\" class=\"elementor elementor-83\">\n\t\t\t\t<div class=\"elementor-element elementor-element-750a27c e-flex e-con-boxed e-con e-parent\" data-id=\"750a27c\" data-element_type=\"container\" data-e-type=\"container\" data-settings=\"{&quot;background_background&quot;:&quot;classic&quot;}\">\n\t\t\t\t\t<div class=\"e-con-inner\">\n\t\t\t\t<div class=\"elementor-element elementor-element-4d1f84d elementor-widget elementor-widget-heading\" data-id=\"4d1f84d\" data-element_type=\"widget\" data-e-type=\"widget\" data-widget_type=\"heading.default\">\n\t\t\t\t<div class=\"elementor-widget-container\">\n\t\t\t\t\t<h2 class=\"elementor-heading-title elementor-size-default\">Fonctions universitaires &amp; responsabilit\u00e9s acad\u00e9miques<\/h2>\t\t\t\t<\/div>\n\t\t\t\t<\/div>\n\t\t\t\t\t<\/div>\n\t\t\t\t<\/div>\n\t\t<div class=\"elementor-element elementor-element-3d9263d e-flex e-con-boxed e-con e-parent\" data-id=\"3d9263d\" data-element_type=\"container\" data-e-type=\"container\" data-settings=\"{&quot;background_background&quot;:&quot;classic&quot;}\">\n\t\t\t\t\t<div class=\"e-con-inner\">\n\t\t\t\t<div class=\"elementor-element elementor-element-ca4a5e5 elementor-widget elementor-widget-heading\" data-id=\"ca4a5e5\" data-element_type=\"widget\" data-e-type=\"widget\" data-widget_type=\"heading.default\">\n\t\t\t\t<div class=\"elementor-widget-container\">\n\t\t\t\t\t<h3 class=\"elementor-heading-title elementor-size-default\"> Postes de direction<\/h3>\t\t\t\t<\/div>\n\t\t\t\t<\/div>\n\t\t\t\t<div class=\"elementor-element elementor-element-c48a9f0 elementor-widget elementor-widget-heading\" data-id=\"c48a9f0\" data-element_type=\"widget\" data-e-type=\"widget\" data-widget_type=\"heading.default\">\n\t\t\t\t<div class=\"elementor-widget-container\">\n\t\t\t\t\t<h5 class=\"elementor-heading-title elementor-size-default\">Depuis mars 2024 : Directrice de l\u2019UFR des Technologies de la Communication num\u00e9rique et de l\u2019Audiovisuel (TECNA), Universit\u00e9 Amadou Mahtar Mbow (UAM)<\/h5>\t\t\t\t<\/div>\n\t\t\t\t<\/div>\n\t\t\t\t<div class=\"elementor-element elementor-element-4f261c4 elementor-widget elementor-widget-heading\" data-id=\"4f261c4\" data-element_type=\"widget\" data-e-type=\"widget\" data-widget_type=\"heading.default\">\n\t\t\t\t<div class=\"elementor-widget-container\">\n\t\t\t\t\t<h5 class=\"elementor-heading-title elementor-size-default\">D\u00e9cembre 2023 \u2013 f\u00e9vrier 2024 : Directrice de l\u2019UFR des Lettres, Arts et Sciences Humaines, Universit\u00e9 Assane Seck de Ziguinchor (UASZ)<\/h5>\t\t\t\t<\/div>\n\t\t\t\t<\/div>\n\t\t\t\t<div class=\"elementor-element elementor-element-63c0604 elementor-widget elementor-widget-heading\" data-id=\"63c0604\" data-element_type=\"widget\" data-e-type=\"widget\" data-widget_type=\"heading.default\">\n\t\t\t\t<div class=\"elementor-widget-container\">\n\t\t\t\t\t<h5 class=\"elementor-heading-title elementor-size-default\">D\u00e9cembre 2020 \u2013 novembre 2023 : Directrice adjointe de l\u2019UFR Lettres, Arts et Sciences Humaines (UASZ)<\/h5>\t\t\t\t<\/div>\n\t\t\t\t<\/div>\n\t\t\t\t<div class=\"elementor-element elementor-element-c8d2217 elementor-widget elementor-widget-heading\" data-id=\"c8d2217\" data-element_type=\"widget\" data-e-type=\"widget\" data-widget_type=\"heading.default\">\n\t\t\t\t<div class=\"elementor-widget-container\">\n\t\t\t\t\t<h3 class=\"elementor-heading-title elementor-size-default\">Encadrement acad\u00e9mique<\/h3>\t\t\t\t<\/div>\n\t\t\t\t<\/div>\n\t\t\t\t<div class=\"elementor-element elementor-element-e6c2a01 elementor-widget elementor-widget-heading\" data-id=\"e6c2a01\" data-element_type=\"widget\" data-e-type=\"widget\" data-widget_type=\"heading.default\">\n\t\t\t\t<div class=\"elementor-widget-container\">\n\t\t\t\t\t<h5 class=\"elementor-heading-title elementor-size-default\">2019 \u2013 2024 : Responsable de la Formation Doctorale \u00ab Sciences du Langage et Didactique \u00bb \u2013 \u00c9cole Doctorale \u00ab Espaces, soci\u00e9t\u00e9s et humanit\u00e9s \u00bb, UASZ<\/h5>\t\t\t\t<\/div>\n\t\t\t\t<\/div>\n\t\t\t\t\t<\/div>\n\t\t\t\t<\/div>\n\t\t<div class=\"elementor-element elementor-element-68bfc61 e-flex e-con-boxed e-con e-parent\" data-id=\"68bfc61\" data-element_type=\"container\" data-e-type=\"container\" data-settings=\"{&quot;background_background&quot;:&quot;classic&quot;}\">\n\t\t\t\t\t<div class=\"e-con-inner\">\n\t\t\t\t<div class=\"elementor-element elementor-element-ba354bb elementor-widget elementor-widget-heading\" data-id=\"ba354bb\" data-element_type=\"widget\" data-e-type=\"widget\" data-widget_type=\"heading.default\">\n\t\t\t\t<div class=\"elementor-widget-container\">\n\t\t\t\t\t<h2 class=\"elementor-heading-title elementor-size-default\">Engagements institutionnels et communautaires<\/h2>\t\t\t\t<\/div>\n\t\t\t\t<\/div>\n\t\t\t\t\t<\/div>\n\t\t\t\t<\/div>\n\t\t<div class=\"elementor-element elementor-element-8919ff6 e-flex e-con-boxed e-con e-parent\" data-id=\"8919ff6\" data-element_type=\"container\" data-e-type=\"container\" data-settings=\"{&quot;background_background&quot;:&quot;classic&quot;}\">\n\t\t\t\t\t<div class=\"e-con-inner\">\n\t\t\t\t<div class=\"elementor-element elementor-element-8600a35 elementor-widget elementor-widget-heading\" data-id=\"8600a35\" data-element_type=\"widget\" data-e-type=\"widget\" data-widget_type=\"heading.default\">\n\t\t\t\t<div class=\"elementor-widget-container\">\n\t\t\t\t\t<h2 class=\"elementor-heading-title elementor-size-default\">Formation continue et s\u00e9jours scientifiques<\/h2>\t\t\t\t<\/div>\n\t\t\t\t<\/div>\n\t\t\t\t\t<\/div>\n\t\t\t\t<\/div>\n\t\t<div class=\"elementor-element elementor-element-33c8c8c e-flex e-con-boxed e-con e-parent\" data-id=\"33c8c8c\" data-element_type=\"container\" data-e-type=\"container\" data-settings=\"{&quot;background_background&quot;:&quot;classic&quot;}\">\n\t\t\t\t\t<div class=\"e-con-inner\">\n\t\t\t\t<div class=\"elementor-element elementor-element-0cabd4b elementor-widget elementor-widget-heading\" data-id=\"0cabd4b\" data-element_type=\"widget\" data-e-type=\"widget\" data-widget_type=\"heading.default\">\n\t\t\t\t<div class=\"elementor-widget-container\">\n\t\t\t\t\t<h3 class=\"elementor-heading-title elementor-size-default\">Mobilit\u00e9s et distinctions comp\u00e9titives<\/h3>\t\t\t\t<\/div>\n\t\t\t\t<\/div>\n\t\t\t\t<div class=\"elementor-element elementor-element-236636d elementor-widget elementor-widget-heading\" data-id=\"236636d\" data-element_type=\"widget\" data-e-type=\"widget\" data-widget_type=\"heading.default\">\n\t\t\t\t<div class=\"elementor-widget-container\">\n\t\t\t\t\t<h5 class=\"elementor-heading-title elementor-size-default\">Mai 2024 : Formatrice AUF\/IRD pour l\u2019employabilit\u00e9 des  Doctorants <\/h5>\t\t\t\t<\/div>\n\t\t\t\t<\/div>\n\t\t\t\t<div class=\"elementor-element elementor-element-580be1d elementor-widget elementor-widget-heading\" data-id=\"580be1d\" data-element_type=\"widget\" data-e-type=\"widget\" data-widget_type=\"heading.default\">\n\t\t\t\t<div class=\"elementor-widget-container\">\n\t\t\t\t\t<h5 class=\"elementor-heading-title elementor-size-default\">Sept. 2022 : Bourse \u201cGlobal Scholar in Residence\u201d \u2013 University at Buffalo (New York, USA)<br>\n\nProjet : Cr\u00e9ole, cr\u00e9olisation et cr\u00e9olit\u00e9 en Casamance\n\n<\/h5>\t\t\t\t<\/div>\n\t\t\t\t<\/div>\n\t\t\t\t<div class=\"elementor-element elementor-element-3f30a14 elementor-widget elementor-widget-heading\" data-id=\"3f30a14\" data-element_type=\"widget\" data-e-type=\"widget\" data-widget_type=\"heading.default\">\n\t\t\t\t<div class=\"elementor-widget-container\">\n\t\t\t\t\t<h5 class=\"elementor-heading-title elementor-size-default\">Oct.\u2013Nov. 2021 : Boursi\u00e8re du Gouvernement fran\u00e7ais \u2013 SSHN \u2013 Universit\u00e9 de Strasbourg<br>\n\nProjet sur le plurilinguisme en zones frontali\u00e8res France\/Allemagne et S\u00e9n\u00e9gal\/Guin\u00e9e-Bissau<\/h5>\t\t\t\t<\/div>\n\t\t\t\t<\/div>\n\t\t\t\t<div class=\"elementor-element elementor-element-278f854 elementor-widget elementor-widget-heading\" data-id=\"278f854\" data-element_type=\"widget\" data-e-type=\"widget\" data-widget_type=\"heading.default\">\n\t\t\t\t<div class=\"elementor-widget-container\">\n\t\t\t\t\t<h5 class=\"elementor-heading-title elementor-size-default\">2018 : Laur\u00e9ate IHA\/CREPOS \u2013 Carri\u00e8res acad\u00e9miques f\u00e9minines<\/h5>\t\t\t\t<\/div>\n\t\t\t\t<\/div>\n\t\t\t\t<div class=\"elementor-element elementor-element-67ceff3 elementor-widget elementor-widget-heading\" data-id=\"67ceff3\" data-element_type=\"widget\" data-e-type=\"widget\" data-widget_type=\"heading.default\">\n\t\t\t\t<div class=\"elementor-widget-container\">\n\t\t\t\t\t<h5 class=\"elementor-heading-title elementor-size-default\">2017 : Bourse postdoctorale AUF \u00ab Eugen Ionescu \u00bb \u2013 Universit\u00e9 de Suceava (Roumanie)<br>\n\nProjet : Mobilit\u00e9 urbaine et diversit\u00e9 linguistique<\/h5>\t\t\t\t<\/div>\n\t\t\t\t<\/div>\n\t\t\t\t<div class=\"elementor-element elementor-element-1e3c340 elementor-widget elementor-widget-heading\" data-id=\"1e3c340\" data-element_type=\"widget\" data-e-type=\"widget\" data-widget_type=\"heading.default\">\n\t\t\t\t<div class=\"elementor-widget-container\">\n\t\t\t\t\t<h2 class=\"elementor-heading-title elementor-size-default\">Th\u00e8mes de recherche  <\/h2>\t\t\t\t<\/div>\n\t\t\t\t<\/div>\n\t\t\t\t<div class=\"elementor-element elementor-element-70b2c51 elementor-widget elementor-widget-heading\" data-id=\"70b2c51\" data-element_type=\"widget\" data-e-type=\"widget\" data-widget_type=\"heading.default\">\n\t\t\t\t<div class=\"elementor-widget-container\">\n\t\t\t\t\t<h5 class=\"elementor-heading-title elementor-size-default\">R\u00e9pertoires plurilingues &amp; mobilit\u00e9s\n\n<\/h5>\t\t\t\t<\/div>\n\t\t\t\t<\/div>\n\t\t\t\t<div class=\"elementor-element elementor-element-0bcf813 elementor-widget elementor-widget-heading\" data-id=\"0bcf813\" data-element_type=\"widget\" data-e-type=\"widget\" data-widget_type=\"heading.default\">\n\t\t\t\t<div class=\"elementor-widget-container\">\n\t\t\t\t\t<h5 class=\"elementor-heading-title elementor-size-default\">Terminologie et langues africaines<\/h5>\t\t\t\t<\/div>\n\t\t\t\t<\/div>\n\t\t\t\t<div class=\"elementor-element elementor-element-9700194 elementor-widget elementor-widget-heading\" data-id=\"9700194\" data-element_type=\"widget\" data-e-type=\"widget\" data-widget_type=\"heading.default\">\n\t\t\t\t<div class=\"elementor-widget-container\">\n\t\t\t\t\t<h5 class=\"elementor-heading-title elementor-size-default\">Diversit\u00e9 linguistique et politique \u00e9ducative<\/h5>\t\t\t\t<\/div>\n\t\t\t\t<\/div>\n\t\t\t\t<div class=\"elementor-element elementor-element-4eea9dd elementor-widget elementor-widget-heading\" data-id=\"4eea9dd\" data-element_type=\"widget\" data-e-type=\"widget\" data-widget_type=\"heading.default\">\n\t\t\t\t<div class=\"elementor-widget-container\">\n\t\t\t\t\t<h5 class=\"elementor-heading-title elementor-size-default\">Cr\u00e9ole et identit\u00e9 en Casamance<\/h5>\t\t\t\t<\/div>\n\t\t\t\t<\/div>\n\t\t\t\t<div class=\"elementor-element elementor-element-ffc5ef8 elementor-widget elementor-widget-heading\" data-id=\"ffc5ef8\" data-element_type=\"widget\" data-e-type=\"widget\" data-widget_type=\"heading.default\">\n\t\t\t\t<div class=\"elementor-widget-container\">\n\t\t\t\t\t<h5 class=\"elementor-heading-title elementor-size-default\">Plurilinguisme et transmission interg\u00e9n\u00e9rationnelle <br> <br>\nLangue, langage et sant\u00e9 mentale au S\u00e9n\u00e9gal\n<\/h5>\t\t\t\t<\/div>\n\t\t\t\t<\/div>\n\t\t\t\t\t<\/div>\n\t\t\t\t<\/div>\n\t\t\t\t<\/div>\n\t\t","protected":false},"excerpt":{"rendered":"<p>Fonctions universitaires &#038; responsabilit\u00e9s acad\u00e9miques Postes de direction Depuis mars 2024 : Directrice de l\u2019UFR des Technologies de la Communication [&hellip;]<\/p>\n","protected":false},"author":1,"featured_media":0,"parent":0,"menu_order":0,"comment_status":"closed","ping_status":"closed","template":"","meta":{"om_disable_all_campaigns":false,"_monsterinsights_skip_tracking":false,"_monsterinsights_sitenote_active":false,"_monsterinsights_sitenote_note":"","_monsterinsights_sitenote_category":0,"site-sidebar-layout":"no-sidebar","site-content-layout":"","ast-site-content-layout":"full-width-container","site-content-style":"default","site-sidebar-style":"default","ast-global-header-display":"","ast-banner-title-visibility":"","ast-main-header-display":"","ast-hfb-above-header-display":"","ast-hfb-below-header-display":"","ast-hfb-mobile-header-display":"","site-post-title":"disabled","ast-breadcrumbs-content":"","ast-featured-img":"disabled","footer-sml-layout":"","ast-disable-related-posts":"","theme-transparent-header-meta":"","adv-header-id-meta":"","stick-header-meta":"","header-above-stick-meta":"","header-main-stick-meta":"","header-below-stick-meta":"","astra-migrate-meta-layouts":"default","ast-page-background-enabled":"default","ast-page-background-meta":{"desktop":{"background-color":"var(--ast-global-color-5)","background-image":"","background-repeat":"repeat","background-position":"center center","background-size":"auto","background-attachment":"scroll","background-type":"","background-media":"","overlay-type":"","overlay-color":"","overlay-opacity":"","overlay-gradient":""},"tablet":{"background-color":"","background-image":"","background-repeat":"repeat","background-position":"center center","background-size":"auto","background-attachment":"scroll","background-type":"","background-media":"","overlay-type":"","overlay-color":"","overlay-opacity":"","overlay-gradient":""},"mobile":{"background-color":"","background-image":"","background-repeat":"repeat","background-position":"center center","background-size":"auto","background-attachment":"scroll","background-type":"","background-media":"","overlay-type":"","overlay-color":"","overlay-opacity":"","overlay-gradient":""}},"ast-content-background-meta":{"desktop":{"background-color":"var(--ast-global-color-4)","background-image":"","background-repeat":"repeat","background-position":"center center","background-size":"auto","background-attachment":"scroll","background-type":"","background-media":"","overlay-type":"","overlay-color":"","overlay-opacity":"","overlay-gradient":""},"tablet":{"background-color":"var(--ast-global-color-4)","background-image":"","background-repeat":"repeat","background-position":"center center","background-size":"auto","background-attachment":"scroll","background-type":"","background-media":"","overlay-type":"","overlay-color":"","overlay-opacity":"","overlay-gradient":""},"mobile":{"background-color":"var(--ast-global-color-4)","background-image":"","background-repeat":"repeat","background-position":"center center","background-size":"auto","background-attachment":"scroll","background-type":"","background-media":"","overlay-type":"","overlay-color":"","overlay-opacity":"","overlay-gradient":""}},"footnotes":""},"class_list":["post-83","page","type-page","status-publish","hentry"],"aioseo_notices":[],"yoast_head":"<!-- This site is optimized with the Yoast SEO plugin v27.1.1 - https:\/\/yoast.com\/product\/yoast-seo-wordpress\/ -->\n<title>Vie institutionnelle -<\/title>\n<meta name=\"robots\" content=\"index, follow, max-snippet:-1, max-image-preview:large, max-video-preview:-1\" \/>\n<link rel=\"canonical\" href=\"https:\/\/sowndieme.com\/index.php\/vie-institutionnel\/\" \/>\n<meta property=\"og:locale\" content=\"fr_FR\" \/>\n<meta property=\"og:type\" content=\"article\" \/>\n<meta property=\"og:title\" content=\"Vie institutionnelle -\" \/>\n<meta property=\"og:description\" content=\"Fonctions universitaires &#038; responsabilit\u00e9s acad\u00e9miques Postes de direction Depuis mars 2024 : Directrice de l\u2019UFR des Technologies de la Communication [&hellip;]\" \/>\n<meta property=\"og:url\" content=\"https:\/\/sowndieme.com\/index.php\/vie-institutionnel\/\" \/>\n<meta property=\"article:modified_time\" content=\"2025-08-02T17:05:41+00:00\" \/>\n<meta name=\"twitter:card\" content=\"summary_large_image\" \/>\n<meta name=\"twitter:label1\" content=\"Dur\u00e9e de lecture estim\u00e9e\" \/>\n\t<meta name=\"twitter:data1\" content=\"2 minutes\" \/>\n<script type=\"application\/ld+json\" class=\"yoast-schema-graph\">{\"@context\":\"https:\/\/schema.org\",\"@graph\":[{\"@type\":\"WebPage\",\"@id\":\"https:\/\/sowndieme.com\/index.php\/vie-institutionnel\/\",\"url\":\"https:\/\/sowndieme.com\/index.php\/vie-institutionnel\/\",\"name\":\"Vie institutionnelle -\",\"isPartOf\":{\"@id\":\"https:\/\/sowndieme.com\/#website\"},\"datePublished\":\"2025-05-20T17:13:46+00:00\",\"dateModified\":\"2025-08-02T17:05:41+00:00\",\"breadcrumb\":{\"@id\":\"https:\/\/sowndieme.com\/index.php\/vie-institutionnel\/#breadcrumb\"},\"inLanguage\":\"fr-FR\",\"potentialAction\":[{\"@type\":\"ReadAction\",\"target\":[\"https:\/\/sowndieme.com\/index.php\/vie-institutionnel\/\"]}]},{\"@type\":\"BreadcrumbList\",\"@id\":\"https:\/\/sowndieme.com\/index.php\/vie-institutionnel\/#breadcrumb\",\"itemListElement\":[{\"@type\":\"ListItem\",\"position\":1,\"name\":\"Accueil\",\"item\":\"https:\/\/sowndieme.com\/\"},{\"@type\":\"ListItem\",\"position\":2,\"name\":\"Vie institutionnelle\"}]},{\"@type\":\"WebSite\",\"@id\":\"https:\/\/sowndieme.com\/#website\",\"url\":\"https:\/\/sowndieme.com\/\",\"name\":\"sowndi\u00e9m\u00e9\",\"description\":\"\",\"potentialAction\":[{\"@type\":\"SearchAction\",\"target\":{\"@type\":\"EntryPoint\",\"urlTemplate\":\"https:\/\/sowndieme.com\/?s={search_term_string}\"},\"query-input\":{\"@type\":\"PropertyValueSpecification\",\"valueRequired\":true,\"valueName\":\"search_term_string\"}}],\"inLanguage\":\"fr-FR\"}]}<\/script>\n<!-- \/ Yoast SEO plugin. -->","yoast_head_json":{"title":"Vie institutionnelle -","robots":{"index":"index","follow":"follow","max-snippet":"max-snippet:-1","max-image-preview":"max-image-preview:large","max-video-preview":"max-video-preview:-1"},"canonical":"https:\/\/sowndieme.com\/index.php\/vie-institutionnel\/","og_locale":"fr_FR","og_type":"article","og_title":"Vie institutionnelle -","og_description":"Fonctions universitaires &#038; responsabilit\u00e9s acad\u00e9miques Postes de direction Depuis mars 2024 : Directrice de l\u2019UFR des Technologies de la Communication [&hellip;]","og_url":"https:\/\/sowndieme.com\/index.php\/vie-institutionnel\/","article_modified_time":"2025-08-02T17:05:41+00:00","twitter_card":"summary_large_image","twitter_misc":{"Dur\u00e9e de lecture estim\u00e9e":"2 minutes"},"schema":{"@context":"https:\/\/schema.org","@graph":[{"@type":"WebPage","@id":"https:\/\/sowndieme.com\/index.php\/vie-institutionnel\/","url":"https:\/\/sowndieme.com\/index.php\/vie-institutionnel\/","name":"Vie institutionnelle -","isPartOf":{"@id":"https:\/\/sowndieme.com\/#website"},"datePublished":"2025-05-20T17:13:46+00:00","dateModified":"2025-08-02T17:05:41+00:00","breadcrumb":{"@id":"https:\/\/sowndieme.com\/index.php\/vie-institutionnel\/#breadcrumb"},"inLanguage":"fr-FR","potentialAction":[{"@type":"ReadAction","target":["https:\/\/sowndieme.com\/index.php\/vie-institutionnel\/"]}]},{"@type":"BreadcrumbList","@id":"https:\/\/sowndieme.com\/index.php\/vie-institutionnel\/#breadcrumb","itemListElement":[{"@type":"ListItem","position":1,"name":"Accueil","item":"https:\/\/sowndieme.com\/"},{"@type":"ListItem","position":2,"name":"Vie institutionnelle"}]},{"@type":"WebSite","@id":"https:\/\/sowndieme.com\/#website","url":"https:\/\/sowndieme.com\/","name":"sowndi\u00e9m\u00e9","description":"","potentialAction":[{"@type":"SearchAction","target":{"@type":"EntryPoint","urlTemplate":"https:\/\/sowndieme.com\/?s={search_term_string}"},"query-input":{"@type":"PropertyValueSpecification","valueRequired":true,"valueName":"search_term_string"}}],"inLanguage":"fr-FR"}]}},"_links":{"self":[{"href":"https:\/\/sowndieme.com\/index.php\/wp-json\/wp\/v2\/pages\/83","targetHints":{"allow":["GET"]}}],"collection":[{"href":"https:\/\/sowndieme.com\/index.php\/wp-json\/wp\/v2\/pages"}],"about":[{"href":"https:\/\/sowndieme.com\/index.php\/wp-json\/wp\/v2\/types\/page"}],"author":[{"embeddable":true,"href":"https:\/\/sowndieme.com\/index.php\/wp-json\/wp\/v2\/users\/1"}],"replies":[{"embeddable":true,"href":"https:\/\/sowndieme.com\/index.php\/wp-json\/wp\/v2\/comments?post=83"}],"version-history":[{"count":23,"href":"https:\/\/sowndieme.com\/index.php\/wp-json\/wp\/v2\/pages\/83\/revisions"}],"predecessor-version":[{"id":433,"href":"https:\/\/sowndieme.com\/index.php\/wp-json\/wp\/v2\/pages\/83\/revisions\/433"}],"wp:attachment":[{"href":"https:\/\/sowndieme.com\/index.php\/wp-json\/wp\/v2\/media?parent=83"}],"curies":[{"name":"wp","href":"https:\/\/api.w.org\/{rel}","templated":true}]}}